{"id":26,"date":"2023-05-05T23:32:16","date_gmt":"2023-05-05T21:32:16","guid":{"rendered":"http:\/\/acm81.fr\/?page_id=26"},"modified":"2024-07-08T20:21:40","modified_gmt":"2024-07-08T18:21:40","slug":"vie-du-club","status":"publish","type":"page","link":"https:\/\/acm81.fr\/index.php\/vie-du-club\/","title":{"rendered":"Vie du club"},"content":{"rendered":"\n<figure class=\"wp-block-image alignfull size-large\"><img loading=\"lazy\" decoding=\"async\" width=\"1024\" height=\"343\" src=\"https:\/\/acm81.fr\/wp-content\/uploads\/2023\/05\/IMG_72411-1024x343.jpg\" alt=\"\" class=\"wp-image-418\" srcset=\"https:\/\/acm81.fr\/wp-content\/uploads\/2023\/05\/IMG_72411-1024x343.jpg 1024w, https:\/\/acm81.fr\/wp-content\/uploads\/2023\/05\/IMG_72411-300x100.jpg 300w, https:\/\/acm81.fr\/wp-content\/uploads\/2023\/05\/IMG_72411-768x257.jpg 768w, https:\/\/acm81.fr\/wp-content\/uploads\/2023\/05\/IMG_72411-1536x514.jpg 1536w, https:\/\/acm81.fr\/wp-content\/uploads\/2023\/05\/IMG_72411-2048x686.jpg 2048w\" sizes=\"auto, (max-width: 1024px) 100vw, 1024px\" \/><\/figure>\n\n\n\n<div class=\"wp-block-columns is-layout-flex wp-container-core-columns-is-layout-28f84493 wp-block-columns-is-layout-flex\">\n<div class=\"wp-block-column is-layout-flow wp-block-column-is-layout-flow\">\n<figure class=\"wp-block-image size-large\"><a href=\"https:\/\/acm81.fr\/index.php\/fete-du-cheval-la-moliere-2024\/\"><img loading=\"lazy\" decoding=\"async\" width=\"1024\" height=\"683\" src=\"https:\/\/acm81.fr\/wp-content\/uploads\/2024\/07\/MG_1764-1024x683.jpg\" alt=\"\" class=\"wp-image-1404\" srcset=\"https:\/\/acm81.fr\/wp-content\/uploads\/2024\/07\/MG_1764-1024x683.jpg 1024w, https:\/\/acm81.fr\/wp-content\/uploads\/2024\/07\/MG_1764-300x200.jpg 300w, https:\/\/acm81.fr\/wp-content\/uploads\/2024\/07\/MG_1764-768x512.jpg 768w, https:\/\/acm81.fr\/wp-content\/uploads\/2024\/07\/MG_1764-1536x1024.jpg 1536w, https:\/\/acm81.fr\/wp-content\/uploads\/2024\/07\/MG_1764-2048x1365.jpg 2048w\" sizes=\"auto, (max-width: 1024px) 100vw, 1024px\" \/><\/a><\/figure>\n\n\n\n<p><a href=\"https:\/\/acm81.fr\/index.php\/fete-du-cheval-la-moliere-2024\/\">F\u00eate du cheval, la Moli\u00e8re 2024<\/a><\/p>\n<\/div>\n<\/div>\n\n\n\n<div class=\"wp-block-columns is-layout-flex wp-container-core-columns-is-layout-28f84493 wp-block-columns-is-layout-flex\">\n<div class=\"wp-block-column is-layout-flow wp-block-column-is-layout-flow\">\n<figure class=\"wp-block-image size-large\"><a href=\"https:\/\/acm81.fr\/index.php\/fete-du-club-2023\/\"><img loading=\"lazy\" decoding=\"async\" width=\"1024\" height=\"683\" src=\"https:\/\/acm81.fr\/wp-content\/uploads\/2023\/06\/IMG_4266-1024x683.jpg\" alt=\"\" class=\"wp-image-543\" srcset=\"https:\/\/acm81.fr\/wp-content\/uploads\/2023\/06\/IMG_4266-1024x683.jpg 1024w, https:\/\/acm81.fr\/wp-content\/uploads\/2023\/06\/IMG_4266-300x200.jpg 300w, https:\/\/acm81.fr\/wp-content\/uploads\/2023\/06\/IMG_4266-768x512.jpg 768w, https:\/\/acm81.fr\/wp-content\/uploads\/2023\/06\/IMG_4266-1536x1024.jpg 1536w, https:\/\/acm81.fr\/wp-content\/uploads\/2023\/06\/IMG_4266-2048x1365.jpg 2048w\" sizes=\"auto, (max-width: 1024px) 100vw, 1024px\" \/><\/a><\/figure>\n\n\n\n<p><a href=\"https:\/\/acm81.fr\/index.php\/fete-du-club-2023\/\">F\u00eate du club 2023<\/a><\/p>\n<\/div>\n\n\n\n<div class=\"wp-block-column is-layout-flow wp-block-column-is-layout-flow\">\n<figure class=\"wp-block-image size-large\"><a href=\"https:\/\/acm81.fr\/index.php\/fete-du-club\/\"><img loading=\"lazy\" decoding=\"async\" width=\"1024\" height=\"683\" src=\"https:\/\/acm81.fr\/wp-content\/uploads\/2023\/05\/FB_IMG_1682706246844-1024x683.jpg\" alt=\"\" class=\"wp-image-325\" srcset=\"https:\/\/acm81.fr\/wp-content\/uploads\/2023\/05\/FB_IMG_1682706246844-1024x683.jpg 1024w, https:\/\/acm81.fr\/wp-content\/uploads\/2023\/05\/FB_IMG_1682706246844-300x200.jpg 300w, https:\/\/acm81.fr\/wp-content\/uploads\/2023\/05\/FB_IMG_1682706246844-768x512.jpg 768w, https:\/\/acm81.fr\/wp-content\/uploads\/2023\/05\/FB_IMG_1682706246844.jpg 1080w\" sizes=\"auto, (max-width: 1024px) 100vw, 1024px\" \/><\/a><\/figure>\n\n\n\n<p><a href=\"https:\/\/acm81.fr\/index.php\/fete-du-club\/\">R\u00e9trospective de l&rsquo;ann\u00e9e 2022<\/a><\/p>\n<\/div>\n<\/div>\n","protected":false},"excerpt":{"rendered":"<p>F\u00eate du cheval, la Moli\u00e8re 2024 F\u00eate du club 2023 R\u00e9trospective de l&rsquo;ann\u00e9e 2022<\/p>\n","protected":false},"author":1,"featured_media":0,"parent":0,"menu_order":0,"comment_status":"closed","ping_status":"closed","template":"","meta":{"site-sidebar-layout":"default","site-content-layout":"default","ast-global-header-display":"","ast-main-header-display":"","ast-hfb-above-header-display":"","ast-hfb-below-header-display":"","ast-hfb-mobile-header-display":"","site-post-title":"disabled","ast-breadcrumbs-content":"","ast-featured-img":"","footer-sml-layout":"","theme-transparent-header-meta":"","adv-header-id-meta":"","stick-header-meta":"","header-above-stick-meta":"","header-main-stick-meta":"","header-below-stick-meta":"","footnotes":""},"class_list":["post-26","page","type-page","status-publish","hentry"],"_links":{"self":[{"href":"https:\/\/acm81.fr\/index.php\/wp-json\/wp\/v2\/pages\/26","targetHints":{"allow":["GET"]}}],"collection":[{"href":"https:\/\/acm81.fr\/index.php\/wp-json\/wp\/v2\/pages"}],"about":[{"href":"https:\/\/acm81.fr\/index.php\/wp-json\/wp\/v2\/types\/page"}],"author":[{"embeddable":true,"href":"https:\/\/acm81.fr\/index.php\/wp-json\/wp\/v2\/users\/1"}],"replies":[{"embeddable":true,"href":"https:\/\/acm81.fr\/index.php\/wp-json\/wp\/v2\/comments?post=26"}],"version-history":[{"count":18,"href":"https:\/\/acm81.fr\/index.php\/wp-json\/wp\/v2\/pages\/26\/revisions"}],"predecessor-version":[{"id":1433,"href":"https:\/\/acm81.fr\/index.php\/wp-json\/wp\/v2\/pages\/26\/revisions\/1433"}],"wp:attachment":[{"href":"https:\/\/acm81.fr\/index.php\/wp-json\/wp\/v2\/media?parent=26"}],"curies":[{"name":"wp","href":"https:\/\/api.w.org\/{rel}","templated":true}]}}